{"id":2489,"date":"2022-03-21T08:52:05","date_gmt":"2022-03-21T11:52:05","guid":{"rendered":"https:\/\/www.basquetentrerios.com\/resultados\/?page_id=2489"},"modified":"2022-03-21T08:53:09","modified_gmt":"2022-03-21T11:53:09","slug":"torneos-de-selecciones-2018-femenino","status":"publish","type":"page","link":"https:\/\/www.basquetentrerios.com\/resultados\/torneos-de-selecciones-2018-femenino\/","title":{"rendered":"Torneos de selecciones 2018 Femenino"},"content":{"rendered":"\n<div style=\"height:50px\" aria-hidden=\"true\" class=\"wp-block-spacer\" data-block-type=\"core\"><\/div>\n\n\n\n<h2 class=\"has-text-align-center wp-block-heading\" data-block-type=\"core\">Torneo Selecciones U13 &#8211; 2018<\/h2>\n\n\n<p data-block-type=\"core\"><div class=\"sportspress\"><div class=\"sp-template sp-template-league-table\">\n\t<h4 class=\"sp-table-caption\">Posiciones Finales<\/h4><div class=\"sp-table-wrapper\"><table class=\"sp-league-table sp-league-table-2484 sp-data-table sp-sortable-table sp-responsive-table table_69f281ef2843e sp-scrollable-table sp-paginated-table\" data-sp-rows=\"80\"><thead><tr><th class=\"data-rank\">Pos<\/th><th class=\"data-name\">Equipo<\/th><th class=\"data-pts\">Pts<\/th><th class=\"data-partidojugados\">PJ<\/th><th class=\"data-w\">G<\/th><th class=\"data-l\">P<\/th><th class=\"data-pf\">PF<\/th><\/tr><\/thead><tbody><tr class=\"odd sp-row-no-0\"><td class=\"data-rank\" data-label=\"Pos\">1<\/td><td class=\"data-name has-logo\" data-label=\"Equipo\"><span class=\"team-logo\"><img loading=\"lazy\" decoding=\"async\" width=\"128\" height=\"128\" src=\"https:\/\/www.basquetentrerios.com\/resultados\/wp-content\/uploads\/2021\/09\/escudo-uruguay-nuevo-128x128.png\" class=\"attachment-sportspress-fit-icon size-sportspress-fit-icon wp-post-image\" alt=\"\" \/><\/span>Uruguay<\/td><td class=\"data-pts\" data-label=\"Pts\">6<\/td><td class=\"data-partidojugados\" data-label=\"PJ\">3<\/td><td class=\"data-w\" data-label=\"G\">3<\/td><td class=\"data-l\" data-label=\"P\">0<\/td><td class=\"data-pf\" data-label=\"PF\">206<\/td><\/tr><tr class=\"even sp-row-no-1\"><td class=\"data-rank\" data-label=\"Pos\">2<\/td><td class=\"data-name has-logo\" data-label=\"Equipo\"><span class=\"team-logo\"><img loading=\"lazy\" decoding=\"async\" width=\"128\" height=\"128\" src=\"https:\/\/www.basquetentrerios.com\/resultados\/wp-content\/uploads\/2021\/09\/parana_femenino-128x128.png\" class=\"attachment-sportspress-fit-icon size-sportspress-fit-icon wp-post-image\" alt=\"\" \/><\/span>Paran\u00e1 Fem.<\/td><td class=\"data-pts\" data-label=\"Pts\">5<\/td><td class=\"data-partidojugados\" data-label=\"PJ\">3<\/td><td class=\"data-w\" data-label=\"G\">2<\/td><td class=\"data-l\" data-label=\"P\">1<\/td><td class=\"data-pf\" data-label=\"PF\">192<\/td><\/tr><tr class=\"odd sp-row-no-2\"><td class=\"data-rank\" data-label=\"Pos\">3<\/td><td class=\"data-name has-logo\" data-label=\"Equipo\"><span class=\"team-logo\"><img loading=\"lazy\" decoding=\"async\" width=\"128\" height=\"128\" src=\"https:\/\/www.basquetentrerios.com\/resultados\/wp-content\/uploads\/2021\/09\/escudo_gchu-128x128.png\" class=\"attachment-sportspress-fit-icon size-sportspress-fit-icon wp-post-image\" alt=\"\" \/><\/span>Gualeguaych\u00fa<\/td><td class=\"data-pts\" data-label=\"Pts\">4<\/td><td class=\"data-partidojugados\" data-label=\"PJ\">3<\/td><td class=\"data-w\" data-label=\"G\">1<\/td><td class=\"data-l\" data-label=\"P\">2<\/td><td class=\"data-pf\" data-label=\"PF\">108<\/td><\/tr><tr class=\"even sp-row-no-3\"><td class=\"data-rank\" data-label=\"Pos\">4<\/td><td class=\"data-name has-logo\" data-label=\"Equipo\"><span class=\"team-logo\"><img loading=\"lazy\" decoding=\"async\" width=\"128\" height=\"128\" src=\"https:\/\/www.basquetentrerios.com\/resultados\/wp-content\/uploads\/2021\/09\/escudo_villaguay-128x128.png\" class=\"attachment-sportspress-fit-icon size-sportspress-fit-icon wp-post-image\" alt=\"\" \/><\/span>Villaguay<\/td><td class=\"data-pts\" data-label=\"Pts\">3<\/td><td class=\"data-partidojugados\" data-label=\"PJ\">3<\/td><td class=\"data-w\" data-label=\"G\">0<\/td><td class=\"data-l\" data-label=\"P\">3<\/td><td class=\"data-pf\" data-label=\"PF\">102<\/td><\/tr><\/tbody><\/table><\/div><\/div>\n<\/div><\/p>\n\n\n\n<div style=\"height:50px\" aria-hidden=\"true\" class=\"wp-block-spacer\" data-block-type=\"core\"><\/div>\n\n\n\n<h2 class=\"has-text-align-center wp-block-heading\" data-block-type=\"core\">Torneo Selecciones U15 &#8211; 2018<\/h2>\n\n\n<p data-block-type=\"core\"><div class=\"sportspress\"><div class=\"sp-template sp-template-league-table\">\n\t<h4 class=\"sp-table-caption\">Posiciones Finales<\/h4><div class=\"sp-table-wrapper\"><table class=\"sp-league-table sp-league-table-2485 sp-data-table sp-sortable-table sp-responsive-table table_69f281ef54700 sp-scrollable-table sp-paginated-table\" data-sp-rows=\"80\"><thead><tr><th class=\"data-rank\">Pos<\/th><th class=\"data-name\">Equipo<\/th><th class=\"data-pts\">Pts<\/th><th class=\"data-partidojugados\">PJ<\/th><th class=\"data-w\">G<\/th><th class=\"data-l\">P<\/th><th class=\"data-pf\">PF<\/th><\/tr><\/thead><tbody><tr class=\"odd sp-row-no-0\"><td class=\"data-rank\" data-label=\"Pos\">1<\/td><td class=\"data-name has-logo\" data-label=\"Equipo\"><span class=\"team-logo\"><img loading=\"lazy\" decoding=\"async\" width=\"128\" height=\"128\" src=\"https:\/\/www.basquetentrerios.com\/resultados\/wp-content\/uploads\/2021\/09\/escudo_gchu-128x128.png\" class=\"attachment-sportspress-fit-icon size-sportspress-fit-icon wp-post-image\" alt=\"\" \/><\/span>Gualeguaych\u00fa<\/td><td class=\"data-pts\" data-label=\"Pts\">6<\/td><td class=\"data-partidojugados\" data-label=\"PJ\">3<\/td><td class=\"data-w\" data-label=\"G\">3<\/td><td class=\"data-l\" data-label=\"P\">0<\/td><td class=\"data-pf\" data-label=\"PF\">201<\/td><\/tr><tr class=\"even sp-row-no-1\"><td class=\"data-rank\" data-label=\"Pos\">2<\/td><td class=\"data-name has-logo\" data-label=\"Equipo\"><span class=\"team-logo\"><img loading=\"lazy\" decoding=\"async\" width=\"128\" height=\"128\" src=\"https:\/\/www.basquetentrerios.com\/resultados\/wp-content\/uploads\/2021\/09\/escudo-uruguay-nuevo-128x128.png\" class=\"attachment-sportspress-fit-icon size-sportspress-fit-icon wp-post-image\" alt=\"\" \/><\/span>Uruguay<\/td><td class=\"data-pts\" data-label=\"Pts\">5<\/td><td class=\"data-partidojugados\" data-label=\"PJ\">3<\/td><td class=\"data-w\" data-label=\"G\">2<\/td><td class=\"data-l\" data-label=\"P\">1<\/td><td class=\"data-pf\" data-label=\"PF\">182<\/td><\/tr><tr class=\"odd sp-row-no-2\"><td class=\"data-rank\" data-label=\"Pos\">3<\/td><td class=\"data-name has-logo\" data-label=\"Equipo\"><span class=\"team-logo\"><img loading=\"lazy\" decoding=\"async\" width=\"128\" height=\"128\" src=\"https:\/\/www.basquetentrerios.com\/resultados\/wp-content\/uploads\/2021\/09\/parana_femenino-128x128.png\" class=\"attachment-sportspress-fit-icon size-sportspress-fit-icon wp-post-image\" alt=\"\" \/><\/span>Paran\u00e1 Fem.<\/td><td class=\"data-pts\" data-label=\"Pts\">4<\/td><td class=\"data-partidojugados\" data-label=\"PJ\">3<\/td><td class=\"data-w\" data-label=\"G\">1<\/td><td class=\"data-l\" data-label=\"P\">2<\/td><td class=\"data-pf\" data-label=\"PF\">135<\/td><\/tr><tr class=\"even sp-row-no-3\"><td class=\"data-rank\" data-label=\"Pos\">4<\/td><td class=\"data-name has-logo\" data-label=\"Equipo\"><span class=\"team-logo\"><img loading=\"lazy\" decoding=\"async\" width=\"128\" height=\"128\" src=\"https:\/\/www.basquetentrerios.com\/resultados\/wp-content\/uploads\/2021\/09\/escudo_-santa-elena-nuevo-2-128x128.png\" class=\"attachment-sportspress-fit-icon size-sportspress-fit-icon wp-post-image\" alt=\"\" \/><\/span>Santa Elena<\/td><td class=\"data-pts\" data-label=\"Pts\">3<\/td><td class=\"data-partidojugados\" data-label=\"PJ\">3<\/td><td class=\"data-w\" data-label=\"G\">0<\/td><td class=\"data-l\" data-label=\"P\">3<\/td><td class=\"data-pf\" data-label=\"PF\">120<\/td><\/tr><\/tbody><\/table><\/div><\/div>\n<\/div><\/p>\n\n\n\n<div style=\"height:50px\" aria-hidden=\"true\" class=\"wp-block-spacer\" data-block-type=\"core\"><\/div>\n\n\n\n<h2 class=\"has-text-align-center wp-block-heading\" data-block-type=\"core\">Torneo Selecciones U17 &#8211; 2018<\/h2>\n\n\n<p data-block-type=\"core\"><div class=\"sportspress\"><div class=\"sp-template sp-template-league-table\">\n\t<h4 class=\"sp-table-caption\">Posiciones Finales<\/h4><div class=\"sp-table-wrapper\"><table class=\"sp-league-table sp-league-table-2486 sp-data-table sp-sortable-table sp-responsive-table table_69f281ef5c72f sp-scrollable-table sp-paginated-table\" data-sp-rows=\"80\"><thead><tr><th class=\"data-rank\">Pos<\/th><th class=\"data-name\">Equipo<\/th><th class=\"data-pts\">Pts<\/th><th class=\"data-partidojugados\">PJ<\/th><th class=\"data-w\">G<\/th><th class=\"data-l\">P<\/th><th class=\"data-pf\">PF<\/th><\/tr><\/thead><tbody><tr class=\"odd sp-row-no-0\"><td class=\"data-rank\" data-label=\"Pos\">1<\/td><td class=\"data-name has-logo\" data-label=\"Equipo\"><span class=\"team-logo\"><img loading=\"lazy\" decoding=\"async\" width=\"128\" height=\"128\" src=\"https:\/\/www.basquetentrerios.com\/resultados\/wp-content\/uploads\/2021\/09\/parana_femenino-128x128.png\" class=\"attachment-sportspress-fit-icon size-sportspress-fit-icon wp-post-image\" alt=\"\" \/><\/span>Paran\u00e1 Fem.<\/td><td class=\"data-pts\" data-label=\"Pts\">6<\/td><td class=\"data-partidojugados\" data-label=\"PJ\">3<\/td><td class=\"data-w\" data-label=\"G\">3<\/td><td class=\"data-l\" data-label=\"P\">0<\/td><td class=\"data-pf\" data-label=\"PF\">177<\/td><\/tr><tr class=\"even sp-row-no-1\"><td class=\"data-rank\" data-label=\"Pos\">2<\/td><td class=\"data-name has-logo\" data-label=\"Equipo\"><span class=\"team-logo\"><img loading=\"lazy\" decoding=\"async\" width=\"128\" height=\"128\" src=\"https:\/\/www.basquetentrerios.com\/resultados\/wp-content\/uploads\/2021\/09\/escudo-uruguay-nuevo-128x128.png\" class=\"attachment-sportspress-fit-icon size-sportspress-fit-icon wp-post-image\" alt=\"\" \/><\/span>Uruguay<\/td><td class=\"data-pts\" data-label=\"Pts\">5<\/td><td class=\"data-partidojugados\" data-label=\"PJ\">3<\/td><td class=\"data-w\" data-label=\"G\">2<\/td><td class=\"data-l\" data-label=\"P\">1<\/td><td class=\"data-pf\" data-label=\"PF\">187<\/td><\/tr><tr class=\"odd sp-row-no-2\"><td class=\"data-rank\" data-label=\"Pos\">3<\/td><td class=\"data-name has-logo\" data-label=\"Equipo\"><span class=\"team-logo\"><img loading=\"lazy\" decoding=\"async\" width=\"128\" height=\"128\" src=\"https:\/\/www.basquetentrerios.com\/resultados\/wp-content\/uploads\/2021\/09\/escudo_gchu-128x128.png\" class=\"attachment-sportspress-fit-icon size-sportspress-fit-icon wp-post-image\" alt=\"\" \/><\/span>Gualeguaych\u00fa<\/td><td class=\"data-pts\" data-label=\"Pts\">4<\/td><td class=\"data-partidojugados\" data-label=\"PJ\">3<\/td><td class=\"data-w\" data-label=\"G\">1<\/td><td class=\"data-l\" data-label=\"P\">2<\/td><td class=\"data-pf\" data-label=\"PF\">170<\/td><\/tr><tr class=\"even sp-row-no-3\"><td class=\"data-rank\" data-label=\"Pos\">4<\/td><td class=\"data-name has-logo\" data-label=\"Equipo\"><span class=\"team-logo\"><img loading=\"lazy\" decoding=\"async\" width=\"128\" height=\"128\" src=\"https:\/\/www.basquetentrerios.com\/resultados\/wp-content\/uploads\/2021\/09\/escudo_colon-128x128.png\" class=\"attachment-sportspress-fit-icon size-sportspress-fit-icon wp-post-image\" alt=\"\" \/><\/span>Col\u00f3n<\/td><td class=\"data-pts\" data-label=\"Pts\">3<\/td><td class=\"data-partidojugados\" data-label=\"PJ\">3<\/td><td class=\"data-w\" data-label=\"G\">0<\/td><td class=\"data-l\" data-label=\"P\">3<\/td><td class=\"data-pf\" data-label=\"PF\">91<\/td><\/tr><\/tbody><\/table><\/div><\/div>\n<\/div><\/p>\n\n\n\n<div style=\"height:50px\" aria-hidden=\"true\" class=\"wp-block-spacer\" data-block-type=\"core\"><\/div>\n\n\n\n<h2 class=\"has-text-align-center wp-block-heading\" data-block-type=\"core\">Torneo Selecciones U19 &#8211; 2018<\/h2>\n\n\n<p data-block-type=\"core\"><div class=\"sportspress\"><div class=\"sp-template sp-template-league-table\">\n\t<h4 class=\"sp-table-caption\">Posiciones Finales<\/h4><div class=\"sp-table-wrapper\"><table class=\"sp-league-table sp-league-table-2487 sp-data-table sp-sortable-table sp-responsive-table table_69f281ef64688 sp-scrollable-table sp-paginated-table\" data-sp-rows=\"80\"><thead><tr><th class=\"data-rank\">Pos<\/th><th class=\"data-name\">Equipo<\/th><th class=\"data-pts\">Pts<\/th><th class=\"data-partidojugados\">PJ<\/th><th class=\"data-w\">G<\/th><th class=\"data-l\">P<\/th><th class=\"data-pf\">PF<\/th><\/tr><\/thead><tbody><tr class=\"odd sp-row-no-0\"><td class=\"data-rank\" data-label=\"Pos\">1<\/td><td class=\"data-name has-logo\" data-label=\"Equipo\"><span class=\"team-logo\"><img loading=\"lazy\" decoding=\"async\" width=\"128\" height=\"128\" src=\"https:\/\/www.basquetentrerios.com\/resultados\/wp-content\/uploads\/2021\/09\/escudo_gchu-128x128.png\" class=\"attachment-sportspress-fit-icon size-sportspress-fit-icon wp-post-image\" alt=\"\" \/><\/span>Gualeguaych\u00fa<\/td><td class=\"data-pts\" data-label=\"Pts\">4<\/td><td class=\"data-partidojugados\" data-label=\"PJ\">2<\/td><td class=\"data-w\" data-label=\"G\">2<\/td><td class=\"data-l\" data-label=\"P\">0<\/td><td class=\"data-pf\" data-label=\"PF\">108<\/td><\/tr><tr class=\"even sp-row-no-1\"><td class=\"data-rank\" data-label=\"Pos\">2<\/td><td class=\"data-name has-logo\" data-label=\"Equipo\"><span class=\"team-logo\"><img loading=\"lazy\" decoding=\"async\" width=\"128\" height=\"128\" src=\"https:\/\/www.basquetentrerios.com\/resultados\/wp-content\/uploads\/2021\/09\/parana_femenino-128x128.png\" class=\"attachment-sportspress-fit-icon size-sportspress-fit-icon wp-post-image\" alt=\"\" \/><\/span>Paran\u00e1 Fem.<\/td><td class=\"data-pts\" data-label=\"Pts\">3<\/td><td class=\"data-partidojugados\" data-label=\"PJ\">2<\/td><td class=\"data-w\" data-label=\"G\">1<\/td><td class=\"data-l\" data-label=\"P\">1<\/td><td class=\"data-pf\" data-label=\"PF\">102<\/td><\/tr><tr class=\"odd sp-row-no-2\"><td class=\"data-rank\" data-label=\"Pos\">3<\/td><td class=\"data-name has-logo\" data-label=\"Equipo\"><span class=\"team-logo\"><img loading=\"lazy\" decoding=\"async\" width=\"128\" height=\"128\" src=\"https:\/\/www.basquetentrerios.com\/resultados\/wp-content\/uploads\/2021\/09\/escudo-uruguay-nuevo-128x128.png\" class=\"attachment-sportspress-fit-icon size-sportspress-fit-icon wp-post-image\" alt=\"\" \/><\/span>Uruguay<\/td><td class=\"data-pts\" data-label=\"Pts\">2<\/td><td class=\"data-partidojugados\" data-label=\"PJ\">2<\/td><td class=\"data-w\" data-label=\"G\">0<\/td><td class=\"data-l\" data-label=\"P\">2<\/td><td class=\"data-pf\" data-label=\"PF\">74<\/td><\/tr><\/tbody><\/table><\/div><\/div>\n<\/div><\/p>\n\n\n\n<div style=\"height:50px\" aria-hidden=\"true\" class=\"wp-block-spacer\" data-block-type=\"core\"><\/div>\n\n\n\n<h2 class=\"has-text-align-center wp-block-heading\" data-block-type=\"core\">Torneo Selecciones Mayores &#8211; 2018<\/h2>\n\n\n<p data-block-type=\"core\"><div class=\"sportspress\"><div class=\"sp-template sp-template-league-table\">\n\t<h4 class=\"sp-table-caption\">Posiciones Finales<\/h4><div class=\"sp-table-wrapper\"><table class=\"sp-league-table sp-league-table-2488 sp-data-table sp-sortable-table sp-responsive-table table_69f281ef6bf9e sp-scrollable-table sp-paginated-table\" data-sp-rows=\"80\"><thead><tr><th class=\"data-rank\">Pos<\/th><th class=\"data-name\">Equipo<\/th><th class=\"data-pts\">Pts<\/th><th class=\"data-partidojugados\">PJ<\/th><th class=\"data-w\">G<\/th><th class=\"data-l\">P<\/th><th class=\"data-pf\">PF<\/th><\/tr><\/thead><tbody><tr class=\"odd sp-row-no-0\"><td class=\"data-rank\" data-label=\"Pos\">1<\/td><td class=\"data-name has-logo\" data-label=\"Equipo\"><span class=\"team-logo\"><img loading=\"lazy\" decoding=\"async\" width=\"128\" height=\"128\" src=\"https:\/\/www.basquetentrerios.com\/resultados\/wp-content\/uploads\/2021\/09\/parana_femenino-128x128.png\" class=\"attachment-sportspress-fit-icon size-sportspress-fit-icon wp-post-image\" alt=\"\" \/><\/span>Paran\u00e1 Fem.<\/td><td class=\"data-pts\" data-label=\"Pts\">4<\/td><td class=\"data-partidojugados\" data-label=\"PJ\">2<\/td><td class=\"data-w\" data-label=\"G\">2<\/td><td class=\"data-l\" data-label=\"P\">0<\/td><td class=\"data-pf\" data-label=\"PF\">134<\/td><\/tr><tr class=\"even sp-row-no-1\"><td class=\"data-rank\" data-label=\"Pos\">2<\/td><td class=\"data-name has-logo\" data-label=\"Equipo\"><span class=\"team-logo\"><img loading=\"lazy\" decoding=\"async\" width=\"128\" height=\"128\" src=\"https:\/\/www.basquetentrerios.com\/resultados\/wp-content\/uploads\/2021\/09\/escudo-uruguay-nuevo-128x128.png\" class=\"attachment-sportspress-fit-icon size-sportspress-fit-icon wp-post-image\" alt=\"\" \/><\/span>Uruguay<\/td><td class=\"data-pts\" data-label=\"Pts\">3<\/td><td class=\"data-partidojugados\" data-label=\"PJ\">2<\/td><td class=\"data-w\" data-label=\"G\">1<\/td><td class=\"data-l\" data-label=\"P\">1<\/td><td class=\"data-pf\" data-label=\"PF\">124<\/td><\/tr><tr class=\"odd sp-row-no-2\"><td class=\"data-rank\" data-label=\"Pos\">3<\/td><td class=\"data-name has-logo\" data-label=\"Equipo\"><span class=\"team-logo\"><img loading=\"lazy\" decoding=\"async\" width=\"128\" height=\"128\" src=\"https:\/\/www.basquetentrerios.com\/resultados\/wp-content\/uploads\/2021\/09\/escudo_gchu-128x128.png\" class=\"attachment-sportspress-fit-icon size-sportspress-fit-icon wp-post-image\" alt=\"\" \/><\/span>Gualeguaych\u00fa<\/td><td class=\"data-pts\" data-label=\"Pts\">2<\/td><td class=\"data-partidojugados\" data-label=\"PJ\">2<\/td><td class=\"data-w\" data-label=\"G\">0<\/td><td class=\"data-l\" data-label=\"P\">2<\/td><td class=\"data-pf\" data-label=\"PF\">96<\/td><\/tr><\/tbody><\/table><\/div><\/div>\n<\/div><\/p>\n","protected":false},"excerpt":{"rendered":"<p>Torneo Selecciones U13 &#8211; 2018 Torneo Selecciones U15 &#8211; 2018 Torneo Selecciones U17 &#8211; 2018 Torneo Selecciones U19 &#8211; 2018 Torneo Selecciones Mayores &#8211; 2018<\/p>\n","protected":false},"author":1,"featured_media":0,"parent":0,"menu_order":0,"comment_status":"closed","ping_status":"closed","template":"","meta":{"_coblocks_attr":"","_coblocks_dimensions":"","_coblocks_responsive_height":"","_coblocks_accordion_ie_support":"","_uag_custom_page_level_css":"","advgb_blocks_editor_width":"","advgb_blocks_columns_visual_guide":"","neve_meta_sidebar":"","neve_meta_container":"","neve_meta_enable_content_width":"","neve_meta_content_width":0,"neve_meta_title_alignment":"","neve_meta_author_avatar":"","neve_post_elements_order":"","neve_meta_disable_header":"","neve_meta_disable_footer":"","neve_meta_disable_title":"","footnotes":""},"class_list":["post-2489","page","type-page","status-publish","hentry"],"featured_image_urls_v2":{"full":"","thumbnail":"","medium":"","medium_large":"","large":"","1536x1536":"","2048x2048":"","sportspress-crop-medium":"","sportspress-fit-medium":"","sportspress-fit-icon":"","sportspress-fit-mini":"","neve-blog":""},"post_excerpt_stackable_v2":"<p>Torneo Selecciones U13 &#8211; 2018 Posiciones FinalesPosEquipoPtsPJGPPF1Uruguay63302062Paran\u00e1 Fem.53211923Gualeguaych\u00fa43121084Villaguay3303102 Torneo Selecciones U15 &#8211; 2018 Posiciones FinalesPosEquipoPtsPJGPPF1Gualeguaych\u00fa63302012Uruguay53211823Paran\u00e1 Fem.43121354Santa Elena3303120 Torneo Selecciones U17 &#8211; 2018 Posiciones FinalesPosEquipoPtsPJGPPF1Paran\u00e1 Fem.63301772Uruguay53211873Gualeguaych\u00fa43121704Col\u00f3n330391 Torneo Selecciones U19 &#8211; 2018 Posiciones FinalesPosEquipoPtsPJGPPF1Gualeguaych\u00fa42201082Paran\u00e1 Fem.32111023Uruguay220274 Torneo Selecciones Mayores &#8211; 2018 Posiciones FinalesPosEquipoPtsPJGPPF1Paran\u00e1 Fem.42201342Uruguay32111243Gualeguaych\u00fa220296<\/p>\n","category_list_v2":"","author_info_v2":{"name":"mglanzi","url":"https:\/\/www.basquetentrerios.com\/resultados\/author\/mglanzi\/"},"comments_num_v2":"0 comentarios","uagb_featured_image_src":{"full":false,"thumbnail":false,"medium":false,"medium_large":false,"large":false,"1536x1536":false,"2048x2048":false,"sportspress-crop-medium":false,"sportspress-fit-medium":false,"sportspress-fit-icon":false,"sportspress-fit-mini":false,"neve-blog":false},"uagb_author_info":{"display_name":"mglanzi","author_link":"https:\/\/www.basquetentrerios.com\/resultados\/author\/mglanzi\/"},"uagb_comment_info":0,"uagb_excerpt":"Torneo Selecciones U13 &#8211; 2018 Torneo Selecciones U15 &#8211; 2018 Torneo Selecciones U17 &#8211; 2018 Torneo Selecciones U19 &#8211; 2018 Torneo Selecciones Mayores &#8211; 2018","coauthors":[],"author_meta":{"author_link":"https:\/\/www.basquetentrerios.com\/resultados\/author\/mglanzi\/","display_name":"mglanzi"},"relative_dates":{"created":"Publicado 4 a\u00f1os hace","modified":"Actualizado 4 a\u00f1os hace"},"absolute_dates":{"created":"Publicado el 21 marzo, 2022","modified":"Actualizado el 21 marzo, 2022"},"absolute_dates_time":{"created":"Publicado el 21 marzo, 2022 08:52","modified":"Actualizado el 21 marzo, 2022 08:53"},"featured_img_caption":"","featured_img":false,"series_order":"","_links":{"self":[{"href":"https:\/\/www.basquetentrerios.com\/resultados\/wp-json\/wp\/v2\/pages\/2489","targetHints":{"allow":["GET"]}}],"collection":[{"href":"https:\/\/www.basquetentrerios.com\/resultados\/wp-json\/wp\/v2\/pages"}],"about":[{"href":"https:\/\/www.basquetentrerios.com\/resultados\/wp-json\/wp\/v2\/types\/page"}],"author":[{"embeddable":true,"href":"https:\/\/www.basquetentrerios.com\/resultados\/wp-json\/wp\/v2\/users\/1"}],"replies":[{"embeddable":true,"href":"https:\/\/www.basquetentrerios.com\/resultados\/wp-json\/wp\/v2\/comments?post=2489"}],"version-history":[{"count":3,"href":"https:\/\/www.basquetentrerios.com\/resultados\/wp-json\/wp\/v2\/pages\/2489\/revisions"}],"predecessor-version":[{"id":2493,"href":"https:\/\/www.basquetentrerios.com\/resultados\/wp-json\/wp\/v2\/pages\/2489\/revisions\/2493"}],"wp:attachment":[{"href":"https:\/\/www.basquetentrerios.com\/resultados\/wp-json\/wp\/v2\/media?parent=2489"}],"curies":[{"name":"wp","href":"https:\/\/api.w.org\/{rel}","templated":true}]}}