{"id":3565,"date":"2022-07-11T08:53:51","date_gmt":"2022-07-11T11:53:51","guid":{"rendered":"https:\/\/www.basquetentrerios.com\/resultados\/?page_id=3565"},"modified":"2023-04-14T11:23:15","modified_gmt":"2023-04-14T14:23:15","slug":"torneos-de-selecciones-2022-masculino","status":"publish","type":"page","link":"https:\/\/www.basquetentrerios.com\/resultados\/torneos-de-selecciones-2022-masculino\/","title":{"rendered":"Torneos de selecciones 2022 Masculino"},"content":{"rendered":"\n<div style=\"height:50px\" aria-hidden=\"true\" class=\"wp-block-spacer\" data-block-type=\"core\"><\/div>\n\n\n\n<h2 class=\"wp-block-heading has-text-align-center advgb-dyn-05e89d13\" data-block-type=\"core\">Torneo Selecciones U13 &#8211; 2022<\/h2>\n\n\n<p data-block-type=\"core\"><div class=\"sportspress\"><div class=\"sp-template sp-template-league-table\">\n\t<h4 class=\"sp-table-caption\">Posiciones Finales - Zona Campeonato<\/h4><div class=\"sp-table-wrapper\"><table class=\"sp-league-table sp-league-table-5277 sp-data-table sp-sortable-table sp-responsive-table table_69f1f5681d152 sp-scrollable-table sp-paginated-table\" data-sp-rows=\"80\"><thead><tr><th class=\"data-rank\">Pos<\/th><th class=\"data-name\">Equipo<\/th><th class=\"data-pts\">Pts<\/th><th class=\"data-partidojugados\">PJ<\/th><th class=\"data-w\">G<\/th><th class=\"data-l\">P<\/th><th class=\"data-pf\">PF<\/th><\/tr><\/thead><tbody><tr class=\"odd sp-row-no-0\"><td class=\"data-rank\" data-label=\"Pos\">1<\/td><td class=\"data-name has-logo\" data-label=\"Equipo\"><span class=\"team-logo\"><img loading=\"lazy\" decoding=\"async\" width=\"128\" height=\"128\" src=\"https:\/\/www.basquetentrerios.com\/resultados\/wp-content\/uploads\/2021\/09\/escudo_gchu-128x128.png\" class=\"attachment-sportspress-fit-icon size-sportspress-fit-icon wp-post-image\" alt=\"\" \/><\/span>Gualeguaych\u00fa<\/td><td class=\"data-pts\" data-label=\"Pts\">8<\/td><td class=\"data-partidojugados\" data-label=\"PJ\">5<\/td><td class=\"data-w\" data-label=\"G\">5<\/td><td class=\"data-l\" data-label=\"P\">0<\/td><td class=\"data-pf\" data-label=\"PF\">416<\/td><\/tr><tr class=\"even sp-row-no-1\"><td class=\"data-rank\" data-label=\"Pos\">2<\/td><td class=\"data-name has-logo\" data-label=\"Equipo\"><span class=\"team-logo\"><img loading=\"lazy\" decoding=\"async\" width=\"128\" height=\"128\" src=\"https:\/\/www.basquetentrerios.com\/resultados\/wp-content\/uploads\/2021\/09\/escudo_concordia-128x128.png\" class=\"attachment-sportspress-fit-icon size-sportspress-fit-icon wp-post-image\" alt=\"\" \/><\/span>Concordia<\/td><td class=\"data-pts\" data-label=\"Pts\">7<\/td><td class=\"data-partidojugados\" data-label=\"PJ\">5<\/td><td class=\"data-w\" data-label=\"G\">4<\/td><td class=\"data-l\" data-label=\"P\">1<\/td><td class=\"data-pf\" data-label=\"PF\">338<\/td><\/tr><tr class=\"odd sp-row-no-2\"><td class=\"data-rank\" data-label=\"Pos\">3<\/td><td class=\"data-name has-logo\" data-label=\"Equipo\"><span class=\"team-logo\"><img loading=\"lazy\" decoding=\"async\" width=\"128\" height=\"128\" src=\"https:\/\/www.basquetentrerios.com\/resultados\/wp-content\/uploads\/2021\/09\/escudo_parana-masc-128x128.png\" class=\"attachment-sportspress-fit-icon size-sportspress-fit-icon wp-post-image\" alt=\"\" \/><\/span>Paran\u00e1 ROJO<\/td><td class=\"data-pts\" data-label=\"Pts\">6<\/td><td class=\"data-partidojugados\" data-label=\"PJ\">5<\/td><td class=\"data-w\" data-label=\"G\">3<\/td><td class=\"data-l\" data-label=\"P\">2<\/td><td class=\"data-pf\" data-label=\"PF\">374<\/td><\/tr><tr class=\"even sp-row-no-3\"><td class=\"data-rank\" data-label=\"Pos\">4<\/td><td class=\"data-name has-logo\" data-label=\"Equipo\"><span class=\"team-logo\"><img loading=\"lazy\" decoding=\"async\" width=\"128\" height=\"128\" src=\"https:\/\/www.basquetentrerios.com\/resultados\/wp-content\/uploads\/2021\/09\/escudo_parana-masc-128x128.png\" class=\"attachment-sportspress-fit-icon size-sportspress-fit-icon wp-post-image\" alt=\"\" \/><\/span>Paran\u00e1 BLANCO<\/td><td class=\"data-pts\" data-label=\"Pts\">5<\/td><td class=\"data-partidojugados\" data-label=\"PJ\">5<\/td><td class=\"data-w\" data-label=\"G\">2<\/td><td class=\"data-l\" data-label=\"P\">3<\/td><td class=\"data-pf\" data-label=\"PF\">321<\/td><\/tr><tr class=\"odd sp-row-no-4\"><td class=\"data-rank\" data-label=\"Pos\">5<\/td><td class=\"data-name has-logo\" data-label=\"Equipo\"><span class=\"team-logo\"><img loading=\"lazy\" decoding=\"async\" width=\"128\" height=\"128\" src=\"https:\/\/www.basquetentrerios.com\/resultados\/wp-content\/uploads\/2021\/09\/escudo_villaguay-128x128.png\" class=\"attachment-sportspress-fit-icon size-sportspress-fit-icon wp-post-image\" alt=\"\" \/><\/span>Villaguay<\/td><td class=\"data-pts\" data-label=\"Pts\">4<\/td><td class=\"data-partidojugados\" data-label=\"PJ\">4<\/td><td class=\"data-w\" data-label=\"G\">2<\/td><td class=\"data-l\" data-label=\"P\">2<\/td><td class=\"data-pf\" data-label=\"PF\">234<\/td><\/tr><tr class=\"even sp-row-no-5\"><td class=\"data-rank\" data-label=\"Pos\">6<\/td><td class=\"data-name has-logo\" data-label=\"Equipo\"><span class=\"team-logo\"><img loading=\"lazy\" decoding=\"async\" width=\"128\" height=\"128\" src=\"https:\/\/www.basquetentrerios.com\/resultados\/wp-content\/uploads\/2021\/09\/escudo_colon-128x128.png\" class=\"attachment-sportspress-fit-icon size-sportspress-fit-icon wp-post-image\" alt=\"\" \/><\/span>Col\u00f3n<\/td><td class=\"data-pts\" data-label=\"Pts\">3<\/td><td class=\"data-partidojugados\" data-label=\"PJ\">4<\/td><td class=\"data-w\" data-label=\"G\">1<\/td><td class=\"data-l\" data-label=\"P\">3<\/td><td class=\"data-pf\" data-label=\"PF\">189<\/td><\/tr><tr class=\"odd sp-row-no-6\"><td class=\"data-rank\" data-label=\"Pos\">7<\/td><td class=\"data-name has-logo\" data-label=\"Equipo\"><span class=\"team-logo\"><img loading=\"lazy\" decoding=\"async\" width=\"128\" height=\"128\" src=\"https:\/\/www.basquetentrerios.com\/resultados\/wp-content\/uploads\/2021\/09\/escudo-uruguay-nuevo-128x128.png\" class=\"attachment-sportspress-fit-icon size-sportspress-fit-icon wp-post-image\" alt=\"\" \/><\/span>Uruguay<\/td><td class=\"data-pts\" data-label=\"Pts\">2<\/td><td class=\"data-partidojugados\" data-label=\"PJ\">4<\/td><td class=\"data-w\" data-label=\"G\">1<\/td><td class=\"data-l\" data-label=\"P\">3<\/td><td class=\"data-pf\" data-label=\"PF\">249<\/td><\/tr><tr class=\"even sp-row-no-7\"><td class=\"data-rank\" data-label=\"Pos\">8<\/td><td class=\"data-name has-logo\" data-label=\"Equipo\"><span class=\"team-logo\"><img loading=\"lazy\" decoding=\"async\" width=\"128\" height=\"128\" src=\"https:\/\/www.basquetentrerios.com\/resultados\/wp-content\/uploads\/2021\/09\/escudo_-santa-elena-nuevo-2-128x128.png\" class=\"attachment-sportspress-fit-icon size-sportspress-fit-icon wp-post-image\" alt=\"\" \/><\/span>Santa Elena<\/td><td class=\"data-pts\" data-label=\"Pts\">1<\/td><td class=\"data-partidojugados\" data-label=\"PJ\">4<\/td><td class=\"data-w\" data-label=\"G\">0<\/td><td class=\"data-l\" data-label=\"P\">4<\/td><td class=\"data-pf\" data-label=\"PF\">181<\/td><\/tr><\/tbody><\/table><\/div><\/div>\n<\/div><\/p>\n\n\n\n<div style=\"height:50px\" aria-hidden=\"true\" class=\"wp-block-spacer\" data-block-type=\"core\"><\/div>\n\n\n\n<h2 class=\"wp-block-heading has-text-align-center advgb-dyn-e5848fe2\" data-block-type=\"core\">Torneo Selecciones U15 &#8211; 2022<\/h2>\n\n\n<p data-block-type=\"core\"><div class=\"sportspress\"><div class=\"sp-template sp-template-league-table\">\n\t<h4 class=\"sp-table-caption\">Posiciones Finales - Zona Campeonato<\/h4><div class=\"sp-table-wrapper\"><table class=\"sp-league-table sp-league-table-3568 sp-data-table sp-sortable-table sp-responsive-table table_69f1f56835b1a sp-scrollable-table sp-paginated-table\" data-sp-rows=\"80\"><thead><tr><th class=\"data-rank\">Pos<\/th><th class=\"data-name\">Equipo<\/th><th class=\"data-pts\">Pts<\/th><th class=\"data-partidojugados\">PJ<\/th><th class=\"data-w\">G<\/th><th class=\"data-l\">P<\/th><th class=\"data-pf\">PF<\/th><\/tr><\/thead><tbody><tr class=\"odd sp-row-no-0\"><td class=\"data-rank\" data-label=\"Pos\">1<\/td><td class=\"data-name has-logo\" data-label=\"Equipo\"><span class=\"team-logo\"><img loading=\"lazy\" decoding=\"async\" width=\"128\" height=\"128\" src=\"https:\/\/www.basquetentrerios.com\/resultados\/wp-content\/uploads\/2021\/09\/escudo_parana-masc-128x128.png\" class=\"attachment-sportspress-fit-icon size-sportspress-fit-icon wp-post-image\" alt=\"\" \/><\/span>Paran\u00e1 ROJO<\/td><td class=\"data-pts\" data-label=\"Pts\">6<\/td><td class=\"data-partidojugados\" data-label=\"PJ\">4<\/td><td class=\"data-w\" data-label=\"G\">4<\/td><td class=\"data-l\" data-label=\"P\">0<\/td><td class=\"data-pf\" data-label=\"PF\">321<\/td><\/tr><tr class=\"even sp-row-no-1\"><td class=\"data-rank\" data-label=\"Pos\">2<\/td><td class=\"data-name has-logo\" data-label=\"Equipo\"><span class=\"team-logo\"><img loading=\"lazy\" decoding=\"async\" width=\"128\" height=\"128\" src=\"https:\/\/www.basquetentrerios.com\/resultados\/wp-content\/uploads\/2021\/09\/escudo_gchu-128x128.png\" class=\"attachment-sportspress-fit-icon size-sportspress-fit-icon wp-post-image\" alt=\"\" \/><\/span>Gualeguaych\u00fa<\/td><td class=\"data-pts\" data-label=\"Pts\">5<\/td><td class=\"data-partidojugados\" data-label=\"PJ\">4<\/td><td class=\"data-w\" data-label=\"G\">2<\/td><td class=\"data-l\" data-label=\"P\">2<\/td><td class=\"data-pf\" data-label=\"PF\">284<\/td><\/tr><tr class=\"odd sp-row-no-2\"><td class=\"data-rank\" data-label=\"Pos\">3<\/td><td class=\"data-name has-logo\" data-label=\"Equipo\"><span class=\"team-logo\"><img loading=\"lazy\" decoding=\"async\" width=\"128\" height=\"128\" src=\"https:\/\/www.basquetentrerios.com\/resultados\/wp-content\/uploads\/2021\/09\/escudo-uruguay-nuevo-128x128.png\" class=\"attachment-sportspress-fit-icon size-sportspress-fit-icon wp-post-image\" alt=\"\" \/><\/span>Uruguay<\/td><td class=\"data-pts\" data-label=\"Pts\">4<\/td><td class=\"data-partidojugados\" data-label=\"PJ\">4<\/td><td class=\"data-w\" data-label=\"G\">3<\/td><td class=\"data-l\" data-label=\"P\">1<\/td><td class=\"data-pf\" data-label=\"PF\">256<\/td><\/tr><tr class=\"even sp-row-no-3\"><td class=\"data-rank\" data-label=\"Pos\">4<\/td><td class=\"data-name has-logo\" data-label=\"Equipo\"><span class=\"team-logo\"><img loading=\"lazy\" decoding=\"async\" width=\"128\" height=\"128\" src=\"https:\/\/www.basquetentrerios.com\/resultados\/wp-content\/uploads\/2021\/09\/escudo_villaguay-128x128.png\" class=\"attachment-sportspress-fit-icon size-sportspress-fit-icon wp-post-image\" alt=\"\" \/><\/span>Villaguay<\/td><td class=\"data-pts\" data-label=\"Pts\">3<\/td><td class=\"data-partidojugados\" data-label=\"PJ\">4<\/td><td class=\"data-w\" data-label=\"G\">1<\/td><td class=\"data-l\" data-label=\"P\">3<\/td><td class=\"data-pf\" data-label=\"PF\">201<\/td><\/tr><tr class=\"odd sp-row-no-4\"><td class=\"data-rank\" data-label=\"Pos\">5<\/td><td class=\"data-name has-logo\" data-label=\"Equipo\"><span class=\"team-logo\"><img loading=\"lazy\" decoding=\"async\" width=\"128\" height=\"128\" src=\"https:\/\/www.basquetentrerios.com\/resultados\/wp-content\/uploads\/2021\/09\/escudo_colon-128x128.png\" class=\"attachment-sportspress-fit-icon size-sportspress-fit-icon wp-post-image\" alt=\"\" \/><\/span>Col\u00f3n<\/td><td class=\"data-pts\" data-label=\"Pts\">2<\/td><td class=\"data-partidojugados\" data-label=\"PJ\">3<\/td><td class=\"data-w\" data-label=\"G\">1<\/td><td class=\"data-l\" data-label=\"P\">2<\/td><td class=\"data-pf\" data-label=\"PF\">204<\/td><\/tr><tr class=\"even sp-row-no-5\"><td class=\"data-rank\" data-label=\"Pos\">6<\/td><td class=\"data-name has-logo\" data-label=\"Equipo\"><span class=\"team-logo\"><img loading=\"lazy\" decoding=\"async\" width=\"128\" height=\"128\" src=\"https:\/\/www.basquetentrerios.com\/resultados\/wp-content\/uploads\/2021\/09\/escudo_concordia-128x128.png\" class=\"attachment-sportspress-fit-icon size-sportspress-fit-icon wp-post-image\" alt=\"\" \/><\/span>Concordia<\/td><td class=\"data-pts\" data-label=\"Pts\">1<\/td><td class=\"data-partidojugados\" data-label=\"PJ\">3<\/td><td class=\"data-w\" data-label=\"G\">0<\/td><td class=\"data-l\" data-label=\"P\">3<\/td><td class=\"data-pf\" data-label=\"PF\">175<\/td><\/tr><\/tbody><\/table><\/div><\/div>\n<\/div><\/p>\n\n\n\n<div style=\"height:50px\" aria-hidden=\"true\" class=\"wp-block-spacer\" data-block-type=\"core\"><\/div>\n\n\n\n<h2 class=\"wp-block-heading has-text-align-center advgb-dyn-b8e733d7\" data-block-type=\"core\">Torneo Selecciones U17 &#8211; 2022<\/h2>\n\n\n<p data-block-type=\"core\"><div class=\"sportspress\"><div class=\"sp-template sp-template-league-table\">\n\t<h4 class=\"sp-table-caption\">Posiciones Finales - Zona Campeonato<\/h4><div class=\"sp-table-wrapper\"><table class=\"sp-league-table sp-league-table-5279 sp-data-table sp-sortable-table sp-responsive-table table_69f1f5683dddc sp-scrollable-table sp-paginated-table\" data-sp-rows=\"80\"><thead><tr><th class=\"data-rank\">Pos<\/th><th class=\"data-name\">Equipo<\/th><th class=\"data-pts\">Pts<\/th><th class=\"data-partidojugados\">PJ<\/th><th class=\"data-w\">G<\/th><th class=\"data-l\">P<\/th><th class=\"data-pf\">PF<\/th><\/tr><\/thead><tbody><tr class=\"odd sp-row-no-0\"><td class=\"data-rank\" data-label=\"Pos\">1<\/td><td class=\"data-name has-logo\" data-label=\"Equipo\"><span class=\"team-logo\"><img loading=\"lazy\" decoding=\"async\" width=\"128\" height=\"128\" src=\"https:\/\/www.basquetentrerios.com\/resultados\/wp-content\/uploads\/2021\/09\/escudo_concordia-128x128.png\" class=\"attachment-sportspress-fit-icon size-sportspress-fit-icon wp-post-image\" alt=\"\" \/><\/span>Concordia<\/td><td class=\"data-pts\" data-label=\"Pts\">6<\/td><td class=\"data-partidojugados\" data-label=\"PJ\">4<\/td><td class=\"data-w\" data-label=\"G\">4<\/td><td class=\"data-l\" data-label=\"P\">0<\/td><td class=\"data-pf\" data-label=\"PF\">321<\/td><\/tr><tr class=\"even sp-row-no-1\"><td class=\"data-rank\" data-label=\"Pos\">2<\/td><td class=\"data-name has-logo\" data-label=\"Equipo\"><span class=\"team-logo\"><img loading=\"lazy\" decoding=\"async\" width=\"128\" height=\"128\" src=\"https:\/\/www.basquetentrerios.com\/resultados\/wp-content\/uploads\/2021\/09\/escudo_parana-masc-128x128.png\" class=\"attachment-sportspress-fit-icon size-sportspress-fit-icon wp-post-image\" alt=\"\" \/><\/span>Paran\u00e1 ROJO<\/td><td class=\"data-pts\" data-label=\"Pts\">5<\/td><td class=\"data-partidojugados\" data-label=\"PJ\">4<\/td><td class=\"data-w\" data-label=\"G\">3<\/td><td class=\"data-l\" data-label=\"P\">1<\/td><td class=\"data-pf\" data-label=\"PF\">361<\/td><\/tr><tr class=\"odd sp-row-no-2\"><td class=\"data-rank\" data-label=\"Pos\">3<\/td><td class=\"data-name has-logo\" data-label=\"Equipo\"><span class=\"team-logo\"><img loading=\"lazy\" decoding=\"async\" width=\"128\" height=\"128\" src=\"https:\/\/www.basquetentrerios.com\/resultados\/wp-content\/uploads\/2021\/09\/escudo_gchu-128x128.png\" class=\"attachment-sportspress-fit-icon size-sportspress-fit-icon wp-post-image\" alt=\"\" \/><\/span>Gualeguaych\u00fa<\/td><td class=\"data-pts\" data-label=\"Pts\">4<\/td><td class=\"data-partidojugados\" data-label=\"PJ\">4<\/td><td class=\"data-w\" data-label=\"G\">2<\/td><td class=\"data-l\" data-label=\"P\">2<\/td><td class=\"data-pf\" data-label=\"PF\">279<\/td><\/tr><tr class=\"even sp-row-no-3\"><td class=\"data-rank\" data-label=\"Pos\">4<\/td><td class=\"data-name has-logo\" data-label=\"Equipo\"><span class=\"team-logo\"><img loading=\"lazy\" decoding=\"async\" width=\"128\" height=\"128\" src=\"https:\/\/www.basquetentrerios.com\/resultados\/wp-content\/uploads\/2021\/09\/escudo-uruguay-nuevo-128x128.png\" class=\"attachment-sportspress-fit-icon size-sportspress-fit-icon wp-post-image\" alt=\"\" \/><\/span>Uruguay<\/td><td class=\"data-pts\" data-label=\"Pts\">3<\/td><td class=\"data-partidojugados\" data-label=\"PJ\">4<\/td><td class=\"data-w\" data-label=\"G\">1<\/td><td class=\"data-l\" data-label=\"P\">3<\/td><td class=\"data-pf\" data-label=\"PF\">278<\/td><\/tr><tr class=\"odd sp-row-no-4\"><td class=\"data-rank\" data-label=\"Pos\">5<\/td><td class=\"data-name has-logo\" data-label=\"Equipo\"><span class=\"team-logo\"><img loading=\"lazy\" decoding=\"async\" width=\"128\" height=\"128\" src=\"https:\/\/www.basquetentrerios.com\/resultados\/wp-content\/uploads\/2021\/09\/escudo_colon-128x128.png\" class=\"attachment-sportspress-fit-icon size-sportspress-fit-icon wp-post-image\" alt=\"\" \/><\/span>Col\u00f3n<\/td><td class=\"data-pts\" data-label=\"Pts\">2<\/td><td class=\"data-partidojugados\" data-label=\"PJ\">3<\/td><td class=\"data-w\" data-label=\"G\">1<\/td><td class=\"data-l\" data-label=\"P\">2<\/td><td class=\"data-pf\" data-label=\"PF\">192<\/td><\/tr><tr class=\"even sp-row-no-5\"><td class=\"data-rank\" data-label=\"Pos\">6<\/td><td class=\"data-name has-logo\" data-label=\"Equipo\"><span class=\"team-logo\"><img loading=\"lazy\" decoding=\"async\" width=\"128\" height=\"128\" src=\"https:\/\/www.basquetentrerios.com\/resultados\/wp-content\/uploads\/2021\/09\/escudo_villaguay-128x128.png\" class=\"attachment-sportspress-fit-icon size-sportspress-fit-icon wp-post-image\" alt=\"\" \/><\/span>Villaguay<\/td><td class=\"data-pts\" data-label=\"Pts\">1<\/td><td class=\"data-partidojugados\" data-label=\"PJ\">3<\/td><td class=\"data-w\" data-label=\"G\">0<\/td><td class=\"data-l\" data-label=\"P\">3<\/td><td class=\"data-pf\" data-label=\"PF\">199<\/td><\/tr><\/tbody><\/table><\/div><\/div>\n<\/div><\/p>\n\n\n\n<div style=\"height:50px\" aria-hidden=\"true\" class=\"wp-block-spacer\" data-block-type=\"core\"><\/div>\n\n\n\n<h2 class=\"wp-block-heading has-text-align-center advgb-dyn-4a141026\" data-block-type=\"core\">Torneo Selecciones U19 &#8211; 2022<\/h2>\n\n\n<p data-block-type=\"core\"><div class=\"sportspress\"><div class=\"sp-template sp-template-league-table\">\n\t<h4 class=\"sp-table-caption\">Posiciones Finales - Zona Campeonato<\/h4><div class=\"sp-table-wrapper\"><table class=\"sp-league-table sp-league-table-3572 sp-data-table sp-sortable-table sp-responsive-table table_69f1f56846097 sp-scrollable-table sp-paginated-table\" data-sp-rows=\"80\"><thead><tr><th class=\"data-rank\">Pos<\/th><th class=\"data-name\">Equipo<\/th><th class=\"data-pts\">Pts<\/th><th class=\"data-partidojugados\">PJ<\/th><th class=\"data-w\">G<\/th><th class=\"data-l\">P<\/th><th class=\"data-pf\">PF<\/th><\/tr><\/thead><tbody><tr class=\"odd sp-row-no-0\"><td class=\"data-rank\" data-label=\"Pos\">1<\/td><td class=\"data-name has-logo\" data-label=\"Equipo\"><span class=\"team-logo\"><img loading=\"lazy\" decoding=\"async\" width=\"128\" height=\"128\" src=\"https:\/\/www.basquetentrerios.com\/resultados\/wp-content\/uploads\/2021\/09\/escudo_parana-masc-128x128.png\" class=\"attachment-sportspress-fit-icon size-sportspress-fit-icon wp-post-image\" alt=\"\" \/><\/span>Paran\u00e1 ROJO<\/td><td class=\"data-pts\" data-label=\"Pts\">6<\/td><td class=\"data-partidojugados\" data-label=\"PJ\">4<\/td><td class=\"data-w\" data-label=\"G\">4<\/td><td class=\"data-l\" data-label=\"P\">0<\/td><td class=\"data-pf\" data-label=\"PF\">328<\/td><\/tr><tr class=\"even sp-row-no-1\"><td class=\"data-rank\" data-label=\"Pos\">2<\/td><td class=\"data-name has-logo\" data-label=\"Equipo\"><span class=\"team-logo\"><img loading=\"lazy\" decoding=\"async\" width=\"128\" height=\"128\" src=\"https:\/\/www.basquetentrerios.com\/resultados\/wp-content\/uploads\/2021\/09\/escudo_concordia-128x128.png\" class=\"attachment-sportspress-fit-icon size-sportspress-fit-icon wp-post-image\" alt=\"\" \/><\/span>Concordia<\/td><td class=\"data-pts\" data-label=\"Pts\">5<\/td><td class=\"data-partidojugados\" data-label=\"PJ\">4<\/td><td class=\"data-w\" data-label=\"G\">2<\/td><td class=\"data-l\" data-label=\"P\">2<\/td><td class=\"data-pf\" data-label=\"PF\">324<\/td><\/tr><tr class=\"odd sp-row-no-2\"><td class=\"data-rank\" data-label=\"Pos\">3<\/td><td class=\"data-name has-logo\" data-label=\"Equipo\"><span class=\"team-logo\"><img loading=\"lazy\" decoding=\"async\" width=\"128\" height=\"128\" src=\"https:\/\/www.basquetentrerios.com\/resultados\/wp-content\/uploads\/2021\/09\/escudo-uruguay-nuevo-128x128.png\" class=\"attachment-sportspress-fit-icon size-sportspress-fit-icon wp-post-image\" alt=\"\" \/><\/span>Uruguay<\/td><td class=\"data-pts\" data-label=\"Pts\">4<\/td><td class=\"data-partidojugados\" data-label=\"PJ\">4<\/td><td class=\"data-w\" data-label=\"G\">2<\/td><td class=\"data-l\" data-label=\"P\">2<\/td><td class=\"data-pf\" data-label=\"PF\">295<\/td><\/tr><tr class=\"even sp-row-no-3\"><td class=\"data-rank\" data-label=\"Pos\">4<\/td><td class=\"data-name has-logo\" data-label=\"Equipo\"><span class=\"team-logo\"><img loading=\"lazy\" decoding=\"async\" width=\"128\" height=\"128\" src=\"https:\/\/www.basquetentrerios.com\/resultados\/wp-content\/uploads\/2021\/09\/escudo_gchu-128x128.png\" class=\"attachment-sportspress-fit-icon size-sportspress-fit-icon wp-post-image\" alt=\"\" \/><\/span>Gualeguaych\u00fa<\/td><td class=\"data-pts\" data-label=\"Pts\">3<\/td><td class=\"data-partidojugados\" data-label=\"PJ\">4<\/td><td class=\"data-w\" data-label=\"G\">2<\/td><td class=\"data-l\" data-label=\"P\">2<\/td><td class=\"data-pf\" data-label=\"PF\">291<\/td><\/tr><tr class=\"odd sp-row-no-4\"><td class=\"data-rank\" data-label=\"Pos\">5<\/td><td class=\"data-name has-logo\" data-label=\"Equipo\"><span class=\"team-logo\"><img loading=\"lazy\" decoding=\"async\" width=\"128\" height=\"128\" src=\"https:\/\/www.basquetentrerios.com\/resultados\/wp-content\/uploads\/2021\/09\/escudo_villaguay-128x128.png\" class=\"attachment-sportspress-fit-icon size-sportspress-fit-icon wp-post-image\" alt=\"\" \/><\/span>Villaguay<\/td><td class=\"data-pts\" data-label=\"Pts\">2<\/td><td class=\"data-partidojugados\" data-label=\"PJ\">3<\/td><td class=\"data-w\" data-label=\"G\">1<\/td><td class=\"data-l\" data-label=\"P\">2<\/td><td class=\"data-pf\" data-label=\"PF\">205<\/td><\/tr><tr class=\"even sp-row-no-5\"><td class=\"data-rank\" data-label=\"Pos\">6<\/td><td class=\"data-name has-logo\" data-label=\"Equipo\"><span class=\"team-logo\"><img loading=\"lazy\" decoding=\"async\" width=\"128\" height=\"128\" src=\"https:\/\/www.basquetentrerios.com\/resultados\/wp-content\/uploads\/2021\/09\/escudo_colon-128x128.png\" class=\"attachment-sportspress-fit-icon size-sportspress-fit-icon wp-post-image\" alt=\"\" \/><\/span>Col\u00f3n<\/td><td class=\"data-pts\" data-label=\"Pts\">1<\/td><td class=\"data-partidojugados\" data-label=\"PJ\">3<\/td><td class=\"data-w\" data-label=\"G\">0<\/td><td class=\"data-l\" data-label=\"P\">3<\/td><td class=\"data-pf\" data-label=\"PF\">175<\/td><\/tr><\/tbody><\/table><\/div><\/div>\n<\/div><\/p>\n\n\n\n<div style=\"height:50px\" aria-hidden=\"true\" class=\"wp-block-spacer\" data-block-type=\"core\"><\/div>\n","protected":false},"excerpt":{"rendered":"<p>Torneo Selecciones U13 &#8211; 2022 Torneo Selecciones U15 &#8211; 2022 Torneo Selecciones U17 &#8211; 2022 Torneo Selecciones U19 &#8211; 2022<\/p>\n","protected":false},"author":1,"featured_media":0,"parent":0,"menu_order":0,"comment_status":"closed","ping_status":"closed","template":"","meta":{"_coblocks_attr":"","_coblocks_dimensions":"","_coblocks_responsive_height":"","_coblocks_accordion_ie_support":"","_uag_custom_page_level_css":"","advgb_blocks_editor_width":"","advgb_blocks_columns_visual_guide":"","neve_meta_sidebar":"","neve_meta_container":"","neve_meta_enable_content_width":"","neve_meta_content_width":0,"neve_meta_title_alignment":"","neve_meta_author_avatar":"","neve_post_elements_order":"","neve_meta_disable_header":"","neve_meta_disable_footer":"","neve_meta_disable_title":"","footnotes":""},"class_list":["post-3565","page","type-page","status-publish","hentry"],"featured_image_urls_v2":{"full":"","thumbnail":"","medium":"","medium_large":"","large":"","1536x1536":"","2048x2048":"","sportspress-crop-medium":"","sportspress-fit-medium":"","sportspress-fit-icon":"","sportspress-fit-mini":"","neve-blog":""},"post_excerpt_stackable_v2":"<p>Torneo Selecciones U13 &#8211; 2022 Posiciones Finales &#8211; Zona CampeonatoPosEquipoPtsPJGPPF1Gualeguaych\u00fa85504162Concordia75413383Paran\u00e1 ROJO65323744Paran\u00e1 BLANCO55233215Villaguay44222346Col\u00f3n34131897Uruguay24132498Santa Elena1404181 Torneo Selecciones U15 &#8211; 2022 Posiciones Finales &#8211; Zona CampeonatoPosEquipoPtsPJGPPF1Paran\u00e1 ROJO64403212Gualeguaych\u00fa54222843Uruguay44312564Villaguay34132015Col\u00f3n23122046Concordia1303175 Torneo Selecciones U17 &#8211; 2022 Posiciones Finales &#8211; Zona CampeonatoPosEquipoPtsPJGPPF1Concordia64403212Paran\u00e1 ROJO54313613Gualeguaych\u00fa44222794Uruguay34132785Col\u00f3n23121926Villaguay1303199 Torneo Selecciones U19 &#8211; 2022 Posiciones Finales &#8211; Zona CampeonatoPosEquipoPtsPJGPPF1Paran\u00e1 ROJO64403282Concordia54223243Uruguay44222954Gualeguaych\u00fa34222915Villaguay23122056Col\u00f3n1303175<\/p>\n","category_list_v2":"","author_info_v2":{"name":"mglanzi","url":"https:\/\/www.basquetentrerios.com\/resultados\/author\/mglanzi\/"},"comments_num_v2":"0 comentarios","uagb_featured_image_src":{"full":false,"thumbnail":false,"medium":false,"medium_large":false,"large":false,"1536x1536":false,"2048x2048":false,"sportspress-crop-medium":false,"sportspress-fit-medium":false,"sportspress-fit-icon":false,"sportspress-fit-mini":false,"neve-blog":false},"uagb_author_info":{"display_name":"mglanzi","author_link":"https:\/\/www.basquetentrerios.com\/resultados\/author\/mglanzi\/"},"uagb_comment_info":0,"uagb_excerpt":"Torneo Selecciones U13 &#8211; 2022 Torneo Selecciones U15 &#8211; 2022 Torneo Selecciones U17 &#8211; 2022 Torneo Selecciones U19 &#8211; 2022","coauthors":[],"author_meta":{"author_link":"https:\/\/www.basquetentrerios.com\/resultados\/author\/mglanzi\/","display_name":"mglanzi"},"relative_dates":{"created":"Publicado 4 a\u00f1os hace","modified":"Actualizado 3 a\u00f1os hace"},"absolute_dates":{"created":"Publicado el 11 julio, 2022","modified":"Actualizado el 14 abril, 2023"},"absolute_dates_time":{"created":"Publicado el 11 julio, 2022 08:53","modified":"Actualizado el 14 abril, 2023 11:23"},"featured_img_caption":"","featured_img":false,"series_order":"","_links":{"self":[{"href":"https:\/\/www.basquetentrerios.com\/resultados\/wp-json\/wp\/v2\/pages\/3565","targetHints":{"allow":["GET"]}}],"collection":[{"href":"https:\/\/www.basquetentrerios.com\/resultados\/wp-json\/wp\/v2\/pages"}],"about":[{"href":"https:\/\/www.basquetentrerios.com\/resultados\/wp-json\/wp\/v2\/types\/page"}],"author":[{"embeddable":true,"href":"https:\/\/www.basquetentrerios.com\/resultados\/wp-json\/wp\/v2\/users\/1"}],"replies":[{"embeddable":true,"href":"https:\/\/www.basquetentrerios.com\/resultados\/wp-json\/wp\/v2\/comments?post=3565"}],"version-history":[{"count":7,"href":"https:\/\/www.basquetentrerios.com\/resultados\/wp-json\/wp\/v2\/pages\/3565\/revisions"}],"predecessor-version":[{"id":5281,"href":"https:\/\/www.basquetentrerios.com\/resultados\/wp-json\/wp\/v2\/pages\/3565\/revisions\/5281"}],"wp:attachment":[{"href":"https:\/\/www.basquetentrerios.com\/resultados\/wp-json\/wp\/v2\/media?parent=3565"}],"curies":[{"name":"wp","href":"https:\/\/api.w.org\/{rel}","templated":true}]}}